{"id":585,"date":"2023-08-06T23:11:00","date_gmt":"2023-08-06T23:11:00","guid":{"rendered":"https:\/\/fucktografia.facu.pro\/?page_id=585"},"modified":"2023-08-10T15:44:22","modified_gmt":"2023-08-10T15:44:22","slug":"luna","status":"publish","type":"page","link":"https:\/\/fucktografia.facu.pro\/index.php\/luna\/","title":{"rendered":"LUNA"},"content":{"rendered":"\t\t<div data-elementor-type=\"wp-page\" data-elementor-id=\"585\" class=\"elementor elementor-585\" data-elementor-post-type=\"page\">\n\t\t\t\t<div class=\"elementor-element elementor-element-fb4fdc6 e-flex e-con-boxed e-con e-parent\" data-id=\"fb4fdc6\" data-element_type=\"container\" data-e-type=\"container\">\n\t\t\t\t\t<div class=\"e-con-inner\">\n\t\t<div class=\"elementor-element elementor-element-7324219 e-con-full e-flex e-con e-parent\" data-id=\"7324219\" data-element_type=\"container\" data-e-type=\"container\">\n\t\t\t\t<div class=\"elementor-element elementor-element-c16b99e elementor-widget elementor-widget-heading\" data-id=\"c16b99e\" data-element_type=\"widget\" data-e-type=\"widget\" data-widget_type=\"heading.default\">\n\t\t\t\t<div class=\"elementor-widget-container\">\n\t\t\t\t\t<h2 class=\"elementor-heading-title elementor-size-default\">\u00a1Piu Avanti!<\/h2>\t\t\t\t<\/div>\n\t\t\t\t<\/div>\n\t\t\t\t<div class=\"elementor-element elementor-element-3f304b1 elementor-widget elementor-widget-text-editor\" data-id=\"3f304b1\" data-element_type=\"widget\" data-e-type=\"widget\" data-widget_type=\"text-editor.default\">\n\t\t\t\t<div class=\"elementor-widget-container\">\n\t\t\t\t\t\t\t\t\t<p>No te des por vencido, ni aun vencido,<br \/>no te sientas esclavo, ni aun esclavo;<br \/>tr\u00e9mulo de pavor, pi\u00e9nsate bravo,<br \/>y arremete feroz, ya mal herido.<br \/>Ten el tes\u00f3n del clavo enmohecido<br \/>que ya viejo y ruin, vuelve a ser clavo;<br \/>no la cobarde estupidez del pavo<br \/>que amaina su plumaje al primer ruido.<br \/>Procede como Dios que nunca llora;<br \/>o como Lucifer, que nunca reza;<br \/>o como el robledal, cuya grandeza<br \/>necesita del agua y no la implora&#8230;<br \/>Que muerda y vocifere vengadora,<br \/>ya rodando en el polvo, tu cabeza!<\/p><p>Almafuerte<\/p>\t\t\t\t\t\t\t\t<\/div>\n\t\t\t\t<\/div>\n\t\t\t\t<\/div>\n\t\t\t\t\t<\/div>\n\t\t\t\t<\/div>\n\t\t<div class=\"elementor-element elementor-element-39147d7 e-flex e-con-boxed e-con e-parent\" data-id=\"39147d7\" data-element_type=\"container\" data-e-type=\"container\">\n\t\t\t\t\t<div class=\"e-con-inner\">\n\t\t\t\t<div class=\"elementor-element elementor-element-24b71cf gallery-spacing-custom elementor-widget elementor-widget-image-gallery\" data-id=\"24b71cf\" data-element_type=\"widget\" data-e-type=\"widget\" data-widget_type=\"image-gallery.default\">\n\t\t\t\t<div class=\"elementor-widget-container\">\n\t\t\t\t\t\t\t<div class=\"elementor-image-gallery\">\n\t\t\t<div id='gallery-1' class='gallery galleryid-585 gallery-columns-2 gallery-size-1536x1536'><figure class='gallery-item'>\n\t\t\t<div class='gallery-icon landscape'>\n\t\t\t\t<a data-elementor-open-lightbox=\"yes\" data-elementor-lightbox-slideshow=\"24b71cf\" data-elementor-lightbox-title=\"luna\" data-elementor-lightbox-description=\"compa\u00f1era oscura\" data-e-action-hash=\"#elementor-action%3Aaction%3Dlightbox%26settings%3DeyJpZCI6MTkzLCJ1cmwiOiJodHRwczpcL1wvZnVja3RvZ3JhZmlhLmZhY3UucHJvXC93cC1jb250ZW50XC91cGxvYWRzXC8yMDIzXC8wOFwvSU1HXzMxMTh3ZWItc2NhbGVkLmpwZyIsInNsaWRlc2hvdyI6IjI0YjcxY2YifQ%3D%3D\" href='https:\/\/fucktografia.facu.pro\/wp-content\/uploads\/2023\/08\/IMG_3118web-scaled.jpg'><img fetchpriority=\"high\" decoding=\"async\" width=\"1536\" height=\"1024\" src=\"https:\/\/fucktografia.facu.pro\/wp-content\/uploads\/2023\/08\/IMG_3118web-1536x1024.jpg\" class=\"attachment-1536x1536 size-1536x1536\" alt=\"\" srcset=\"https:\/\/fucktografia.facu.pro\/wp-content\/uploads\/2023\/08\/IMG_3118web-1536x1024.jpg 1536w, https:\/\/fucktografia.facu.pro\/wp-content\/uploads\/2023\/08\/IMG_3118web-300x200.jpg 300w, https:\/\/fucktografia.facu.pro\/wp-content\/uploads\/2023\/08\/IMG_3118web-1024x683.jpg 1024w, https:\/\/fucktografia.facu.pro\/wp-content\/uploads\/2023\/08\/IMG_3118web-768x512.jpg 768w, https:\/\/fucktografia.facu.pro\/wp-content\/uploads\/2023\/08\/IMG_3118web-2048x1365.jpg 2048w\" sizes=\"(max-width: 1536px) 100vw, 1536px\" \/><\/a>\n\t\t\t<\/div><\/figure><figure class='gallery-item'>\n\t\t\t<div class='gallery-icon landscape'>\n\t\t\t\t<a data-elementor-open-lightbox=\"yes\" data-elementor-lightbox-slideshow=\"24b71cf\" data-elementor-lightbox-title=\"Ocaso\" data-elementor-lightbox-description=\"Anochece \" data-e-action-hash=\"#elementor-action%3Aaction%3Dlightbox%26settings%3DeyJpZCI6NTkwLCJ1cmwiOiJodHRwczpcL1wvZnVja3RvZ3JhZmlhLmZhY3UucHJvXC93cC1jb250ZW50XC91cGxvYWRzXC8yMDIzXC8wOFwvSU1HXzM0NjR3ZWItc2NhbGVkLmpwZyIsInNsaWRlc2hvdyI6IjI0YjcxY2YifQ%3D%3D\" href='https:\/\/fucktografia.facu.pro\/wp-content\/uploads\/2023\/08\/IMG_3464web-scaled.jpg'><img decoding=\"async\" width=\"1536\" height=\"1024\" src=\"https:\/\/fucktografia.facu.pro\/wp-content\/uploads\/2023\/08\/IMG_3464web-1536x1024.jpg\" class=\"attachment-1536x1536 size-1536x1536\" alt=\"\" srcset=\"https:\/\/fucktografia.facu.pro\/wp-content\/uploads\/2023\/08\/IMG_3464web-1536x1024.jpg 1536w, https:\/\/fucktografia.facu.pro\/wp-content\/uploads\/2023\/08\/IMG_3464web-300x200.jpg 300w, https:\/\/fucktografia.facu.pro\/wp-content\/uploads\/2023\/08\/IMG_3464web-1024x683.jpg 1024w, https:\/\/fucktografia.facu.pro\/wp-content\/uploads\/2023\/08\/IMG_3464web-768x512.jpg 768w, https:\/\/fucktografia.facu.pro\/wp-content\/uploads\/2023\/08\/IMG_3464web-2048x1365.jpg 2048w\" sizes=\"(max-width: 1536px) 100vw, 1536px\" \/><\/a>\n\t\t\t<\/div><\/figure>\n\t\t<\/div>\n\t\t<\/div>\n\t\t\t\t\t\t<\/div>\n\t\t\t\t<\/div>\n\t\t\t\t\t<\/div>\n\t\t\t\t<\/div>\n\t\t\t\t<\/div>\n\t\t","protected":false},"excerpt":{"rendered":"<p>\u00a1Piu Avanti! No te des por vencido, ni aun vencido,no te sientas esclavo, ni aun esclavo;tr\u00e9mulo de pavor, pi\u00e9nsate bravo,y arremete feroz, ya mal herido.Ten el tes\u00f3n del clavo enmohecidoque ya viejo y ruin, vuelve a ser clavo;no la cobarde estupidez del pavoque amaina su plumaje al primer ruido.Procede como Dios que nunca llora;o como [&hellip;]<\/p>\n","protected":false},"author":1,"featured_media":0,"parent":0,"menu_order":0,"comment_status":"closed","ping_status":"closed","template":"elementor_canvas","meta":{"ngg_post_thumbnail":0,"footnotes":""},"class_list":["post-585","page","type-page","status-publish","hentry"],"_links":{"self":[{"href":"https:\/\/fucktografia.facu.pro\/index.php\/wp-json\/wp\/v2\/pages\/585","targetHints":{"allow":["GET"]}}],"collection":[{"href":"https:\/\/fucktografia.facu.pro\/index.php\/wp-json\/wp\/v2\/pages"}],"about":[{"href":"https:\/\/fucktografia.facu.pro\/index.php\/wp-json\/wp\/v2\/types\/page"}],"author":[{"embeddable":true,"href":"https:\/\/fucktografia.facu.pro\/index.php\/wp-json\/wp\/v2\/users\/1"}],"replies":[{"embeddable":true,"href":"https:\/\/fucktografia.facu.pro\/index.php\/wp-json\/wp\/v2\/comments?post=585"}],"version-history":[{"count":37,"href":"https:\/\/fucktografia.facu.pro\/index.php\/wp-json\/wp\/v2\/pages\/585\/revisions"}],"predecessor-version":[{"id":703,"href":"https:\/\/fucktografia.facu.pro\/index.php\/wp-json\/wp\/v2\/pages\/585\/revisions\/703"}],"wp:attachment":[{"href":"https:\/\/fucktografia.facu.pro\/index.php\/wp-json\/wp\/v2\/media?parent=585"}],"curies":[{"name":"wp","href":"https:\/\/api.w.org\/{rel}","templated":true}]}}