{"id":618,"date":"2023-08-07T16:42:28","date_gmt":"2023-08-07T16:42:28","guid":{"rendered":"https:\/\/fucktografia.facu.pro\/?page_id=618"},"modified":"2023-08-10T15:20:13","modified_gmt":"2023-08-10T15:20:13","slug":"agua","status":"publish","type":"page","link":"https:\/\/fucktografia.facu.pro\/index.php\/agua\/","title":{"rendered":"AGUA"},"content":{"rendered":"\t\t<div data-elementor-type=\"wp-page\" data-elementor-id=\"618\" class=\"elementor elementor-618\" data-elementor-post-type=\"page\">\n\t\t\t\t<div class=\"elementor-element elementor-element-672952d e-flex e-con-boxed e-con e-parent\" data-id=\"672952d\" data-element_type=\"container\" data-e-type=\"container\">\n\t\t\t\t\t<div class=\"e-con-inner\">\n\t\t\t\t<div class=\"elementor-element elementor-element-7cfddbc gallery-spacing-custom elementor-widget elementor-widget-image-gallery\" data-id=\"7cfddbc\" data-element_type=\"widget\" data-e-type=\"widget\" data-widget_type=\"image-gallery.default\">\n\t\t\t\t<div class=\"elementor-widget-container\">\n\t\t\t\t\t\t\t<div class=\"elementor-image-gallery\">\n\t\t\t<div id='gallery-1' class='gallery galleryid-618 gallery-columns-3 gallery-size-full'><figure class='gallery-item'>\n\t\t\t<div class='gallery-icon portrait'>\n\t\t\t\t<a data-elementor-open-lightbox=\"yes\" data-elementor-lightbox-slideshow=\"7cfddbc\" data-elementor-lightbox-title=\"Fluye como rio\" data-e-action-hash=\"#elementor-action%3Aaction%3Dlightbox%26settings%3DeyJpZCI6NjI2LCJ1cmwiOiJodHRwczpcL1wvZnVja3RvZ3JhZmlhLmZhY3UucHJvXC93cC1jb250ZW50XC91cGxvYWRzXC8yMDIzXC8wOFwvSU1HXzQwOTB3ZWItc2NhbGVkLmpwZyIsInNsaWRlc2hvdyI6IjdjZmRkYmMifQ%3D%3D\" href='https:\/\/fucktografia.facu.pro\/wp-content\/uploads\/2023\/08\/IMG_4090web-scaled.jpg'><img fetchpriority=\"high\" decoding=\"async\" width=\"1707\" height=\"2560\" src=\"https:\/\/fucktografia.facu.pro\/wp-content\/uploads\/2023\/08\/IMG_4090web-scaled.jpg\" class=\"attachment-full size-full\" alt=\"\" aria-describedby=\"gallery-1-626\" srcset=\"https:\/\/fucktografia.facu.pro\/wp-content\/uploads\/2023\/08\/IMG_4090web-scaled.jpg 1707w, https:\/\/fucktografia.facu.pro\/wp-content\/uploads\/2023\/08\/IMG_4090web-200x300.jpg 200w, https:\/\/fucktografia.facu.pro\/wp-content\/uploads\/2023\/08\/IMG_4090web-683x1024.jpg 683w, https:\/\/fucktografia.facu.pro\/wp-content\/uploads\/2023\/08\/IMG_4090web-768x1152.jpg 768w, https:\/\/fucktografia.facu.pro\/wp-content\/uploads\/2023\/08\/IMG_4090web-1024x1536.jpg 1024w, https:\/\/fucktografia.facu.pro\/wp-content\/uploads\/2023\/08\/IMG_4090web-1365x2048.jpg 1365w\" sizes=\"(max-width: 1707px) 100vw, 1707px\" \/><\/a>\n\t\t\t<\/div>\n\t\t\t\t<figcaption class='wp-caption-text gallery-caption' id='gallery-1-626'>\n\t\t\t\tFluye como rio \n\t\t\t\t<\/figcaption><\/figure><figure class='gallery-item'>\n\t\t\t<div class='gallery-icon landscape'>\n\t\t\t\t<a data-elementor-open-lightbox=\"yes\" data-elementor-lightbox-slideshow=\"7cfddbc\" data-elementor-lightbox-title=\"P\u00e1jaro al amanecer\" data-e-action-hash=\"#elementor-action%3Aaction%3Dlightbox%26settings%3DeyJpZCI6MzcsInVybCI6Imh0dHBzOlwvXC9mdWNrdG9ncmFmaWEuZmFjdS5wcm9cL3dwLWNvbnRlbnRcL3VwbG9hZHNcLzIwMjNcLzA4XC9JTUdfNzA5NHdlYi1zY2FsZWQuanBnIiwic2xpZGVzaG93IjoiN2NmZGRiYyJ9\" href='https:\/\/fucktografia.facu.pro\/wp-content\/uploads\/2023\/08\/IMG_7094web-scaled.jpg'><img decoding=\"async\" width=\"2560\" height=\"1707\" src=\"https:\/\/fucktografia.facu.pro\/wp-content\/uploads\/2023\/08\/IMG_7094web-scaled.jpg\" class=\"attachment-full size-full\" alt=\"\" aria-describedby=\"gallery-1-37\" srcset=\"https:\/\/fucktografia.facu.pro\/wp-content\/uploads\/2023\/08\/IMG_7094web-scaled.jpg 2560w, https:\/\/fucktografia.facu.pro\/wp-content\/uploads\/2023\/08\/IMG_7094web-300x200.jpg 300w, https:\/\/fucktografia.facu.pro\/wp-content\/uploads\/2023\/08\/IMG_7094web-1024x683.jpg 1024w, https:\/\/fucktografia.facu.pro\/wp-content\/uploads\/2023\/08\/IMG_7094web-768x512.jpg 768w, https:\/\/fucktografia.facu.pro\/wp-content\/uploads\/2023\/08\/IMG_7094web-1536x1024.jpg 1536w, https:\/\/fucktografia.facu.pro\/wp-content\/uploads\/2023\/08\/IMG_7094web-2048x1365.jpg 2048w\" sizes=\"(max-width: 2560px) 100vw, 2560px\" \/><\/a>\n\t\t\t<\/div>\n\t\t\t\t<figcaption class='wp-caption-text gallery-caption' id='gallery-1-37'>\n\t\t\t\tEn el susurro del viento y el r\u00edo que fluye. un encuentro ef\u00edmero.\nEl p\u00e1jaro y el agua entrelazan sus destinos.\nEl ave posa su mirada y contempla su imagen.\n\n\t\t\t\t<\/figcaption><\/figure>\n\t\t<\/div>\n\t\t<\/div>\n\t\t\t\t\t\t<\/div>\n\t\t\t\t<\/div>\n\t\t\t\t\t<\/div>\n\t\t\t\t<\/div>\n\t\t\t\t<\/div>\n\t\t","protected":false},"excerpt":{"rendered":"<p>Fluye como rio En el susurro del viento y el r\u00edo que fluye. un encuentro ef\u00edmero. El p\u00e1jaro y el agua entrelazan sus destinos. El ave posa su mirada y contempla su imagen.<\/p>\n","protected":false},"author":1,"featured_media":0,"parent":0,"menu_order":0,"comment_status":"closed","ping_status":"closed","template":"elementor_canvas","meta":{"ngg_post_thumbnail":0,"footnotes":""},"class_list":["post-618","page","type-page","status-publish","hentry"],"_links":{"self":[{"href":"https:\/\/fucktografia.facu.pro\/index.php\/wp-json\/wp\/v2\/pages\/618","targetHints":{"allow":["GET"]}}],"collection":[{"href":"https:\/\/fucktografia.facu.pro\/index.php\/wp-json\/wp\/v2\/pages"}],"about":[{"href":"https:\/\/fucktografia.facu.pro\/index.php\/wp-json\/wp\/v2\/types\/page"}],"author":[{"embeddable":true,"href":"https:\/\/fucktografia.facu.pro\/index.php\/wp-json\/wp\/v2\/users\/1"}],"replies":[{"embeddable":true,"href":"https:\/\/fucktografia.facu.pro\/index.php\/wp-json\/wp\/v2\/comments?post=618"}],"version-history":[{"count":31,"href":"https:\/\/fucktografia.facu.pro\/index.php\/wp-json\/wp\/v2\/pages\/618\/revisions"}],"predecessor-version":[{"id":700,"href":"https:\/\/fucktografia.facu.pro\/index.php\/wp-json\/wp\/v2\/pages\/618\/revisions\/700"}],"wp:attachment":[{"href":"https:\/\/fucktografia.facu.pro\/index.php\/wp-json\/wp\/v2\/media?parent=618"}],"curies":[{"name":"wp","href":"https:\/\/api.w.org\/{rel}","templated":true}]}}